{"id":4908,"date":"2023-10-17T16:45:08","date_gmt":"2023-10-17T14:45:08","guid":{"rendered":"https:\/\/server070702.nazwa.pl\/kalendarzlindner_nowy\/?post_type=product&#038;p=4908"},"modified":"2025-03-04T00:23:56","modified_gmt":"2025-03-03T23:23:56","slug":"lindner-calendar-2024","status":"publish","type":"product","link":"https:\/\/kalendarzlindner.pl\/en\/product\/lindner-calendar-2024\/","title":{"rendered":"Lindner Calendar 2024"},"content":{"rendered":"<p>The Lindner Calendar 2024 is a real MIRACLE!<\/p>\n<p>Make yourself a coffee, sit comfortably, take the Lindner Calendar in your hand and immerse yourself in our fairy tale for adults. Fourteen photos form a simple but beautiful love story that takes place in the countryside in the 19th century.<\/p>","protected":false},"excerpt":{"rendered":"<p>Kalendarz Lindner 2024 to prawdziwe CUDAWIANKI! Zr\u00f3b sobie kaw\u0119, usi\u0105d\u017a wygodnie, we\u017a Kalendarz Lindner do r\u0119ki i zanurz si\u0119 w naszej bajce dla doros\u0142ych. Czterna\u015bcie zdj\u0119\u0107 uk\u0142ada si\u0119 w prost\u0105, ale pi\u0119kn\u0105 histori\u0119 mi\u0142o\u015bci, kt\u00f3ra dzieje si\u0119 na wsi w XIX wieku.<\/p>","protected":false},"featured_media":5128,"template":"","meta":[],"product_brand":[],"product_cat":[168],"product_tag":[],"class_list":{"0":"post-4908","1":"product","2":"type-product","3":"status-publish","4":"has-post-thumbnail","6":"product_cat-uncategorized","8":"first","9":"outofstock","10":"shipping-taxable","11":"purchasable","12":"product-type-simple"},"_links":{"self":[{"href":"https:\/\/kalendarzlindner.pl\/en\/wp-json\/wp\/v2\/product\/4908","targetHints":{"allow":["GET"]}}],"collection":[{"href":"https:\/\/kalendarzlindner.pl\/en\/wp-json\/wp\/v2\/product"}],"about":[{"href":"https:\/\/kalendarzlindner.pl\/en\/wp-json\/wp\/v2\/types\/product"}],"version-history":[{"count":3,"href":"https:\/\/kalendarzlindner.pl\/en\/wp-json\/wp\/v2\/product\/4908\/revisions"}],"predecessor-version":[{"id":6055,"href":"https:\/\/kalendarzlindner.pl\/en\/wp-json\/wp\/v2\/product\/4908\/revisions\/6055"}],"wp:featuredmedia":[{"embeddable":true,"href":"https:\/\/kalendarzlindner.pl\/en\/wp-json\/wp\/v2\/media\/5128"}],"wp:attachment":[{"href":"https:\/\/kalendarzlindner.pl\/en\/wp-json\/wp\/v2\/media?parent=4908"}],"wp:term":[{"taxonomy":"product_brand","embeddable":true,"href":"https:\/\/kalendarzlindner.pl\/en\/wp-json\/wp\/v2\/product_brand?post=4908"},{"taxonomy":"product_cat","embeddable":true,"href":"https:\/\/kalendarzlindner.pl\/en\/wp-json\/wp\/v2\/product_cat?post=4908"},{"taxonomy":"product_tag","embeddable":true,"href":"https:\/\/kalendarzlindner.pl\/en\/wp-json\/wp\/v2\/product_tag?post=4908"}],"curies":[{"name":"wp","href":"https:\/\/api.w.org\/{rel}","templated":true}]}}