{"id":6124,"date":"2023-11-23T10:30:20","date_gmt":"2023-11-23T09:30:20","guid":{"rendered":"https:\/\/kalendarzlindner.pl\/?post_type=product&#038;p=6124"},"modified":"2026-01-21T23:30:20","modified_gmt":"2026-01-21T22:30:20","slug":"lindner-calendar-2017","status":"publish","type":"product","link":"https:\/\/kalendarzlindner.pl\/en\/product\/lindner-calendar-2017\/","title":{"rendered":"Lindner Calendar 2017"},"content":{"rendered":"<p>Koniec ze \u015bredniowieczem!<br \/>\nRozbieramy Pani\u0105 \u015amier\u0107! Zdejmujemy z niej p\u0142aszcz, zabieramy kos\u0119\u2026<br \/>\nKoniec z jej wizerunkiem, kt\u00f3ry pokutuje w naszych wyobra\u017ceniach od tysi\u0105ca lat.<br \/>\nPani \u015amier\u0107 to ju\u017c nie kostucha &#8211; to cz\u0119\u015b\u0107 \u017cycia, naturalna kolej rzeczy&#8230;<\/p>","protected":false},"excerpt":{"rendered":"<p>Koniec ze \u015bredniowieczem! Rozbieramy Pani\u0105 \u015amier\u0107! Zdejmujemy z niej p\u0142aszcz, zabieramy kos\u0119\u2026 Koniec z jej wizerunkiem, kt\u00f3ry pokutuje w naszych wyobra\u017ceniach od tysi\u0105ca lat. Pani \u015amier\u0107 to ju\u017c nie kostucha &#8211; to cz\u0119\u015b\u0107 \u017cycia, naturalna kolej rzeczy&#8230;<\/p>","protected":false},"featured_media":1444,"template":"","meta":[],"product_brand":[],"product_cat":[168],"product_tag":[],"class_list":{"0":"post-6124","1":"product","2":"type-product","3":"status-publish","4":"has-post-thumbnail","6":"product_cat-uncategorized","8":"first","9":"instock","10":"shipping-taxable","11":"purchasable","12":"product-type-simple"},"_links":{"self":[{"href":"https:\/\/kalendarzlindner.pl\/en\/wp-json\/wp\/v2\/product\/6124","targetHints":{"allow":["GET"]}}],"collection":[{"href":"https:\/\/kalendarzlindner.pl\/en\/wp-json\/wp\/v2\/product"}],"about":[{"href":"https:\/\/kalendarzlindner.pl\/en\/wp-json\/wp\/v2\/types\/product"}],"version-history":[{"count":3,"href":"https:\/\/kalendarzlindner.pl\/en\/wp-json\/wp\/v2\/product\/6124\/revisions"}],"predecessor-version":[{"id":6523,"href":"https:\/\/kalendarzlindner.pl\/en\/wp-json\/wp\/v2\/product\/6124\/revisions\/6523"}],"wp:featuredmedia":[{"embeddable":true,"href":"https:\/\/kalendarzlindner.pl\/en\/wp-json\/wp\/v2\/media\/1444"}],"wp:attachment":[{"href":"https:\/\/kalendarzlindner.pl\/en\/wp-json\/wp\/v2\/media?parent=6124"}],"wp:term":[{"taxonomy":"product_brand","embeddable":true,"href":"https:\/\/kalendarzlindner.pl\/en\/wp-json\/wp\/v2\/product_brand?post=6124"},{"taxonomy":"product_cat","embeddable":true,"href":"https:\/\/kalendarzlindner.pl\/en\/wp-json\/wp\/v2\/product_cat?post=6124"},{"taxonomy":"product_tag","embeddable":true,"href":"https:\/\/kalendarzlindner.pl\/en\/wp-json\/wp\/v2\/product_tag?post=6124"}],"curies":[{"name":"wp","href":"https:\/\/api.w.org\/{rel}","templated":true}]}}