{"id":6566,"date":"2024-11-14T18:20:21","date_gmt":"2024-11-14T17:20:21","guid":{"rendered":"https:\/\/kalendarzlindner.pl\/?post_type=product&#038;p=6566"},"modified":"2025-12-30T19:20:15","modified_gmt":"2025-12-30T18:20:15","slug":"lindner-calendar-2025","status":"publish","type":"product","link":"https:\/\/kalendarzlindner.pl\/en\/product\/lindner-calendar-2025\/","title":{"rendered":"Lindner Calendar 2025"},"content":{"rendered":"<p>painted by light<br \/>\nnew icons<br \/>\nbeautiful, naked coffins<\/p>","protected":false},"excerpt":{"rendered":"<p>malowane \u015bwiat\u0142em nowe ikony pi\u0119kne, nagie trumny<\/p>","protected":false},"featured_media":6549,"template":"","meta":[],"product_brand":[],"product_cat":[168],"product_tag":[],"class_list":{"0":"post-6566","1":"product","2":"type-product","3":"status-publish","4":"has-post-thumbnail","6":"product_cat-uncategorized","8":"first","9":"instock","10":"shipping-taxable","11":"purchasable","12":"product-type-simple"},"_links":{"self":[{"href":"https:\/\/kalendarzlindner.pl\/en\/wp-json\/wp\/v2\/product\/6566","targetHints":{"allow":["GET"]}}],"collection":[{"href":"https:\/\/kalendarzlindner.pl\/en\/wp-json\/wp\/v2\/product"}],"about":[{"href":"https:\/\/kalendarzlindner.pl\/en\/wp-json\/wp\/v2\/types\/product"}],"version-history":[{"count":1,"href":"https:\/\/kalendarzlindner.pl\/en\/wp-json\/wp\/v2\/product\/6566\/revisions"}],"predecessor-version":[{"id":6567,"href":"https:\/\/kalendarzlindner.pl\/en\/wp-json\/wp\/v2\/product\/6566\/revisions\/6567"}],"wp:featuredmedia":[{"embeddable":true,"href":"https:\/\/kalendarzlindner.pl\/en\/wp-json\/wp\/v2\/media\/6549"}],"wp:attachment":[{"href":"https:\/\/kalendarzlindner.pl\/en\/wp-json\/wp\/v2\/media?parent=6566"}],"wp:term":[{"taxonomy":"product_brand","embeddable":true,"href":"https:\/\/kalendarzlindner.pl\/en\/wp-json\/wp\/v2\/product_brand?post=6566"},{"taxonomy":"product_cat","embeddable":true,"href":"https:\/\/kalendarzlindner.pl\/en\/wp-json\/wp\/v2\/product_cat?post=6566"},{"taxonomy":"product_tag","embeddable":true,"href":"https:\/\/kalendarzlindner.pl\/en\/wp-json\/wp\/v2\/product_tag?post=6566"}],"curies":[{"name":"wp","href":"https:\/\/api.w.org\/{rel}","templated":true}]}}